{"id":66483,"date":"2024-05-13T14:28:57","date_gmt":"2024-05-13T12:28:57","guid":{"rendered":"https:\/\/rotschlag.li\/stage.rotschlag\/?post_type=product&#038;p=66483"},"modified":"2024-05-22T18:51:11","modified_gmt":"2024-05-22T16:51:11","slug":"huefte-lockern-liegende-acht","status":"publish","type":"product","link":"https:\/\/rotschlag.li\/stage.rotschlag\/produkt\/huefte-lockern-liegende-acht\/","title":{"rendered":"H\u00fcfte lockern | liegende Acht"},"content":{"rendered":"<p>Die H\u00fcfte ist eine sehr wichtige und zentrale aber auch ebenso komplexe Stelle im menschlichen K\u00f6rper. Hier verlaufen die wichtigsten Bewegungsmuskeln. Nach der Yogalehre sind in der H\u00fcfte die Emotionen beheimatet. Wichtig ist eine gute Beweglichkeit im unteren R\u00fccken. Ist das Becken optimal ausgerichtet, beugst du R\u00fcckenschmerzen vor und entlastest den unteren R\u00fccken. Und auch deine Knie, Beine,\u00a0 Schultern und der Kiefer werden entspannt und entlastet. Mit beweglichen H\u00fcften verminderst du Blockaden im Becken, was auch wichtig f\u00fcr den Energiefluss in dieser Region ist.<br \/>\nBei einer H\u00fcftlockerung geht es darum, s\u00e4mtliche Muskeln zu dehnen und zu entspannen. Daf\u00fcr kommen die Muskeln ins Spiel, die leider h\u00e4ufig verk\u00fcmmert, verk\u00fcrzt oder verspannt sind und daher nicht so mitspielen, wie wir uns das w\u00fcnschen. Das sp\u00fcrst du dann in R\u00fccken- Knie- Nacken oder Schulterschmerzen. Unser sitzende Lebensweise f\u00f6rdert Verspannungen in der H\u00fcfte.<\/p>\n<p>Diese H\u00fcft\u00fcbung mit der liegenden Acht ist effizient, kann \u00fcberall und jederzeit gemacht werden. Sie bringt die H\u00fcfte ins Gleichgewicht, l\u00f6st Verspannungen und kann dich von Schmerzen befreien.<\/p>\n<p>Was ist die liegende Acht?<br \/>\nDie liegende Acht,\u00a0 hat weder Anfang noch Ende. Sie symbolisiert die Unendlichkeit und das Leben, das st\u00e4ndig in Bewegung, in Schwingung und Ver\u00e4nderung ist. Spezielle \u00dcbungen verschiedener Methoden nutzen die energetische Kraft der liegenden Acht f\u00fcr Heilungsprozesse<\/p>\n","protected":false},"excerpt":{"rendered":"<p>Die H\u00fcfte ist eine sehr wichtige und zentrale aber auch ebenso komplexe Stelle im menschlichen K\u00f6rper. Hier verlaufen die wichtigsten Bewegungsmuskeln. Nach der Yogalehre sind in der H\u00fcfte die Emotionen beheimatet. Wichtig ist eine gute Beweglichkeit im unteren R\u00fccken. Ist das Becken optimal ausgerichtet, beugst du R\u00fcckenschmerzen vor und entlastest [&hellip;]<\/p>\n","protected":false},"featured_media":66244,"comment_status":"closed","ping_status":"closed","template":"","meta":{"_coblocks_attr":"","_coblocks_dimensions":"","_coblocks_responsive_height":"","_coblocks_accordion_ie_support":"","_themeisle_gutenberg_block_has_review":false,"jetpack_post_was_ever_published":false,"jetpack_publicize_message":"","jetpack_publicize_feature_enabled":true,"jetpack_social_post_already_shared":true,"jetpack_social_options":{"image_generator_settings":{"template":"highway","enabled":false},"version":2}},"product_cat":[67,165,20],"product_tag":[825,826,827,666],"class_list":{"0":"post-66483","1":"product","2":"type-product","3":"status-publish","4":"has-post-thumbnail","6":"product_cat-gratis","7":"product_cat-downloads","8":"product_cat-merkblaetter","9":"product_tag-huefte","10":"product_tag-locker","11":"product_tag-selbstbehandlung","12":"product_tag-selbsthilfe","14":"first","15":"instock","16":"downloadable","17":"taxable","18":"shipping-taxable","19":"purchasable","20":"product-type-simple"},"exclude_global_add_ons":[],"addons":[],"jetpack_publicize_connections":[],"jetpack_sharing_enabled":true,"publishpress_future_action":{"enabled":false,"date":"2026-05-13 23:24:10","action":"change-status","newStatus":"private","terms":[],"taxonomy":"product_type"},"publishpress_future_workflow_manual_trigger":{"enabledWorkflows":[]},"_links":{"self":[{"href":"https:\/\/rotschlag.li\/stage.rotschlag\/wp-json\/wp\/v2\/product\/66483","targetHints":{"allow":["GET"]}}],"collection":[{"href":"https:\/\/rotschlag.li\/stage.rotschlag\/wp-json\/wp\/v2\/product"}],"about":[{"href":"https:\/\/rotschlag.li\/stage.rotschlag\/wp-json\/wp\/v2\/types\/product"}],"replies":[{"embeddable":true,"href":"https:\/\/rotschlag.li\/stage.rotschlag\/wp-json\/wp\/v2\/comments?post=66483"}],"wp:featuredmedia":[{"embeddable":true,"href":"https:\/\/rotschlag.li\/stage.rotschlag\/wp-json\/wp\/v2\/media\/66244"}],"wp:attachment":[{"href":"https:\/\/rotschlag.li\/stage.rotschlag\/wp-json\/wp\/v2\/media?parent=66483"}],"wp:term":[{"taxonomy":"product_cat","embeddable":true,"href":"https:\/\/rotschlag.li\/stage.rotschlag\/wp-json\/wp\/v2\/product_cat?post=66483"},{"taxonomy":"product_tag","embeddable":true,"href":"https:\/\/rotschlag.li\/stage.rotschlag\/wp-json\/wp\/v2\/product_tag?post=66483"}],"curies":[{"name":"wp","href":"https:\/\/api.w.org\/{rel}","templated":true}]}}