{"id":890,"date":"2024-04-29T12:33:02","date_gmt":"2024-04-29T10:33:02","guid":{"rendered":"https:\/\/rotschlag.li\/stage.rotschlag\/?page_id=890"},"modified":"2024-06-21T15:30:13","modified_gmt":"2024-06-21T13:30:13","slug":"therape-von-theresa-maria","status":"publish","type":"page","link":"https:\/\/rotschlag.li\/stage.rotschlag\/therape-von-theresa-maria\/","title":{"rendered":"Therapie von Theresa Maria"},"content":{"rendered":"<div id=\"wp-block-themeisle-blocks-advanced-columns-70426d13\" class=\"wp-block-themeisle-blocks-advanced-columns has-2-columns has-desktop-oneTwo-layout has-tablet-equal-layout has-mobile-collapsedRows-layout has-vertical-unset\"><div class=\"wp-block-themeisle-blocks-advanced-columns-overlay\"><\/div><div class=\"innerblocks-wrap\"><div id=\"wp-block-themeisle-blocks-advanced-column-4524525c\" class=\"wp-block-themeisle-blocks-advanced-column\"><div class=\"wp-block-image is-style-rounded has-lightbox\"><figure class=\"aligncenter size-full is-resized\"><img loading=\"lazy\" decoding=\"async\" width=\"300\" height=\"300\" src=\"https:\/\/rotschlag.li\/stage.rotschlag\/wp-content\/uploads\/2024\/04\/Theresa_Hillebrand_quer.png\" alt=\"\" class=\"wp-image-891\" style=\"width:171px;height:auto\" srcset=\"https:\/\/rotschlag.li\/stage.rotschlag\/wp-content\/uploads\/2024\/04\/Theresa_Hillebrand_quer.png 300w, https:\/\/rotschlag.li\/stage.rotschlag\/wp-content\/uploads\/2024\/04\/Theresa_Hillebrand_quer-150x150.png 150w, https:\/\/rotschlag.li\/stage.rotschlag\/wp-content\/uploads\/2024\/04\/Theresa_Hillebrand_quer-32x32.png 32w, https:\/\/rotschlag.li\/stage.rotschlag\/wp-content\/uploads\/2024\/04\/Theresa_Hillebrand_quer-230x230.png 230w, https:\/\/rotschlag.li\/stage.rotschlag\/wp-content\/uploads\/2024\/04\/Theresa_Hillebrand_quer-160x160.png 160w\" sizes=\"auto, (max-width: 300px) 100vw, 300px\" \/><\/figure><\/div><\/div>\n\n<div id=\"wp-block-themeisle-blocks-advanced-column-439cbdfd\" class=\"wp-block-themeisle-blocks-advanced-column\"><p>Ich bin Theresa Maria Hillebrand und meine Therapieans\u00e4tze umfassen eine Vielzahl von Methoden, die sowohl deine Gesundheit als auch deine Entspannung f\u00f6rdern.<\/p>\n\n<p>Ich passe jede Sitzung individuell an deine Bed\u00fcrfnisse an, um die bestm\u00f6glichen Ergebnisse zu erzielen. Mit meiner eigenen Erfahrung und einem tiefen Verst\u00e4ndnis f\u00fcr die Bedeutung von K\u00f6rper und Geist bin ich bestrebt, dich auf deinem Weg zu Gesundheit und Wohlbefinden zu begleiten.<\/p><\/div><\/div><\/div><h4 class=\"wp-block-heading\">Therapien<\/h4><style>.wp-block-kadence-iconlist.kt-svg-icon-list-items890_15ce3e-21:not(.this-stops-third-party-issues){margin-top:0px;margin-bottom:0px;}.wp-block-kadence-iconlist.kt-svg-icon-list-items890_15ce3e-21 ul.kt-svg-icon-list:not(.this-prevents-issues):not(.this-stops-third-party-issues):not(.tijsloc){margin-top:0px;margin-right:0px;margin-bottom:var(--global-kb-spacing-sm, 1.5rem);margin-left:0px;}.wp-block-kadence-iconlist.kt-svg-icon-list-items890_15ce3e-21 ul.kt-svg-icon-list{grid-row-gap:5px;}.wp-block-kadence-iconlist.kt-svg-icon-list-items890_15ce3e-21 ul.kt-svg-icon-list .kt-svg-icon-list-item-wrap .kt-svg-icon-list-single{margin-right:10px;}.kt-svg-icon-list-items890_15ce3e-21 ul.kt-svg-icon-list .kt-svg-icon-list-level-0 .kt-svg-icon-list-single svg{font-size:20px;}<\/style>\n<div class=\"wp-block-kadence-iconlist kt-svg-icon-list-items kt-svg-icon-list-items890_15ce3e-21 kt-svg-icon-list-columns-1 alignnone\"><ul class=\"kt-svg-icon-list\"><li class=\"wp-block-kadence-listitem kt-svg-icon-list-item-wrap kt-svg-icon-list-item-890_96c3fe-62\"><span class=\"kb-svg-icon-wrap kb-svg-icon-fe_checkCircle kt-svg-icon-list-single\"><svg viewBox=\"0 0 24 24\"  fill=\"none\" stroke=\"currentColor\" stroke-width=\"2\" stroke-linecap=\"round\" stroke-linejoin=\"round\" xmlns=\"http:\/\/www.w3.org\/2000\/svg\"  aria-hidden=\"true\"><path d=\"M22 11.08V12a10 10 0 1 1-5.93-9.14\"\/><polyline points=\"22 4 12 14.01 9 11.01\"\/><\/svg><\/span><span class=\"kt-svg-icon-list-text\">Ohr-Analyse: Ich betrachte im Ohr Spiegelbilder deines gesamten K\u00f6rpers, um Antworten auf viele Fragen zu finden und ein tiefes Verst\u00e4ndnis f\u00fcr deinen Gesundheitszustand zu entwickeln.<\/span><\/li>\n\n<li class=\"wp-block-kadence-listitem kt-svg-icon-list-item-wrap kt-svg-icon-list-item-890_fce5cb-93\"><span class=\"kb-svg-icon-wrap kb-svg-icon-fe_checkCircle kt-svg-icon-list-single\"><svg viewBox=\"0 0 24 24\"  fill=\"none\" stroke=\"currentColor\" stroke-width=\"2\" stroke-linecap=\"round\" stroke-linejoin=\"round\" xmlns=\"http:\/\/www.w3.org\/2000\/svg\"  aria-hidden=\"true\"><path d=\"M22 11.08V12a10 10 0 1 1-5.93-9.14\"\/><polyline points=\"22 4 12 14.01 9 11.01\"\/><\/svg><\/span><span class=\"kt-svg-icon-list-text\">Schr\u00f6pfen: Diese traditionelle Technik f\u00f6rdert die Durchblutung und l\u00f6st Verspannungen.<\/span><\/li>\n\n<li class=\"wp-block-kadence-listitem kt-svg-icon-list-item-wrap kt-svg-icon-list-item-890_61996c-cb\"><span class=\"kb-svg-icon-wrap kb-svg-icon-fe_checkCircle kt-svg-icon-list-single\"><svg viewBox=\"0 0 24 24\"  fill=\"none\" stroke=\"currentColor\" stroke-width=\"2\" stroke-linecap=\"round\" stroke-linejoin=\"round\" xmlns=\"http:\/\/www.w3.org\/2000\/svg\"  aria-hidden=\"true\"><path d=\"M22 11.08V12a10 10 0 1 1-5.93-9.14\"\/><polyline points=\"22 4 12 14.01 9 11.01\"\/><\/svg><\/span><span class=\"kt-svg-icon-list-text\">Trigger Massage: Gezielte Behandlung zur Linderung von Muskelschmerzen und Steifigkeit.<\/span><\/li>\n\n<li class=\"wp-block-kadence-listitem kt-svg-icon-list-item-wrap kt-svg-icon-list-item-890_68a48a-b3\"><span class=\"kb-svg-icon-wrap kb-svg-icon-fe_checkCircle kt-svg-icon-list-single\"><svg viewBox=\"0 0 24 24\"  fill=\"none\" stroke=\"currentColor\" stroke-width=\"2\" stroke-linecap=\"round\" stroke-linejoin=\"round\" xmlns=\"http:\/\/www.w3.org\/2000\/svg\"  aria-hidden=\"true\"><path d=\"M22 11.08V12a10 10 0 1 1-5.93-9.14\"\/><polyline points=\"22 4 12 14.01 9 11.01\"\/><\/svg><\/span><span class=\"kt-svg-icon-list-text\">Taping: Es unterst\u00fctzt Muskeln und Gelenke, f\u00f6rdert die Heilung und bietet Halt.<\/span><\/li>\n\n<li class=\"wp-block-kadence-listitem kt-svg-icon-list-item-wrap kt-svg-icon-list-item-890_fb7c2d-bf\"><span class=\"kb-svg-icon-wrap kb-svg-icon-fe_checkCircle kt-svg-icon-list-single\"><svg viewBox=\"0 0 24 24\"  fill=\"none\" stroke=\"currentColor\" stroke-width=\"2\" stroke-linecap=\"round\" stroke-linejoin=\"round\" xmlns=\"http:\/\/www.w3.org\/2000\/svg\"  aria-hidden=\"true\"><path d=\"M22 11.08V12a10 10 0 1 1-5.93-9.14\"\/><polyline points=\"22 4 12 14.01 9 11.01\"\/><\/svg><\/span><span class=\"kt-svg-icon-list-text\">Faszientraining: Verbessert die Flexibilit\u00e4t und Mobilit\u00e4t des K\u00f6rpers.<\/span><\/li>\n\n<li class=\"wp-block-kadence-listitem kt-svg-icon-list-item-wrap kt-svg-icon-list-item-890_8d9cf5-84\"><span class=\"kb-svg-icon-wrap kb-svg-icon-fe_checkCircle kt-svg-icon-list-single\"><svg viewBox=\"0 0 24 24\"  fill=\"none\" stroke=\"currentColor\" stroke-width=\"2\" stroke-linecap=\"round\" stroke-linejoin=\"round\" xmlns=\"http:\/\/www.w3.org\/2000\/svg\"  aria-hidden=\"true\"><path d=\"M22 11.08V12a10 10 0 1 1-5.93-9.14\"\/><polyline points=\"22 4 12 14.01 9 11.01\"\/><\/svg><\/span><span class=\"kt-svg-icon-list-text\">Sport- und Wellnessmassagen: Zur Entspannung, Regeneration und zur Verbesserung der sportlichen Leistung.<\/span><\/li>\n\n<li class=\"wp-block-kadence-listitem kt-svg-icon-list-item-wrap kt-svg-icon-list-item-890_217550-7e\"><span class=\"kb-svg-icon-wrap kb-svg-icon-fe_checkCircle kt-svg-icon-list-single\"><svg viewBox=\"0 0 24 24\"  fill=\"none\" stroke=\"currentColor\" stroke-width=\"2\" stroke-linecap=\"round\" stroke-linejoin=\"round\" xmlns=\"http:\/\/www.w3.org\/2000\/svg\"  aria-hidden=\"true\"><path d=\"M22 11.08V12a10 10 0 1 1-5.93-9.14\"\/><polyline points=\"22 4 12 14.01 9 11.01\"\/><\/svg><\/span><span class=\"kt-svg-icon-list-text\">Piercings<\/span><\/li><\/ul><\/div><div data-block-name=\"woocommerce\/product-category\" data-categories=\"[120]\" data-content-visibility=\"{&quot;image&quot;:true,&quot;title&quot;:true,&quot;price&quot;:true,&quot;rating&quot;:false,&quot;button&quot;:false}\" class=\"wc-block-grid wp-block-product-category wc-block-product-category has-3-columns has-multiple-rows\"><ul class=\"wc-block-grid__products\"><li class=\"wc-block-grid__product\">\n\t\t\t\t<a href=\"https:\/\/rotschlag.li\/stage.rotschlag\/produkt\/therapiestunde\/\" class=\"wc-block-grid__product-link\">\n\t\t\t\t\t\n\t\t\t\t\t<div class=\"wc-block-grid__product-image\"><img loading=\"lazy\" decoding=\"async\" width=\"230\" height=\"230\" src=\"https:\/\/rotschlag.li\/stage.rotschlag\/wp-content\/uploads\/2024\/04\/Massage-230x230.png\" class=\"attachment-woocommerce_thumbnail size-woocommerce_thumbnail\" alt=\"Beratung bei Theresa\" srcset=\"https:\/\/rotschlag.li\/stage.rotschlag\/wp-content\/uploads\/2024\/04\/Massage-230x230.png 230w, https:\/\/rotschlag.li\/stage.rotschlag\/wp-content\/uploads\/2024\/04\/Massage-150x150.png 150w, https:\/\/rotschlag.li\/stage.rotschlag\/wp-content\/uploads\/2024\/04\/Massage-32x32.png 32w, https:\/\/rotschlag.li\/stage.rotschlag\/wp-content\/uploads\/2024\/04\/Massage-160x160.png 160w\" sizes=\"auto, (max-width: 230px) 100vw, 230px\" \/><\/div>\n\t\t\t\t\t<div class=\"wc-block-grid__product-title\">Beratung bei Theresa<\/div>\n\t\t\t\t<\/a>\n\t\t\t\t<div class=\"wc-block-grid__product-price price\"><\/div>\n\t\t\t\t\n\t\t\t\t\n\t\t\t<\/li><\/ul><\/div><div style=\"height:50px\" aria-hidden=\"true\" class=\"wp-block-spacer\"><\/div>","protected":false},"excerpt":{"rendered":"<p>Therapien<\/p>\n","protected":false},"author":1,"featured_media":1034,"parent":0,"menu_order":11,"comment_status":"closed","ping_status":"closed","template":"","meta":{"_coblocks_attr":"","_coblocks_dimensions":"","_coblocks_responsive_height":"","_coblocks_accordion_ie_support":"","_themeisle_gutenberg_block_has_review":false,"jetpack_post_was_ever_published":false,"footnotes":""},"class_list":["post-890","page","type-page","status-publish","has-post-thumbnail","hentry"],"jetpack_sharing_enabled":true,"jetpack_shortlink":"https:\/\/wp.me\/PfIeNr-em","publishpress_future_workflow_manual_trigger":{"enabledWorkflows":[]},"_links":{"self":[{"href":"https:\/\/rotschlag.li\/stage.rotschlag\/wp-json\/wp\/v2\/pages\/890","targetHints":{"allow":["GET"]}}],"collection":[{"href":"https:\/\/rotschlag.li\/stage.rotschlag\/wp-json\/wp\/v2\/pages"}],"about":[{"href":"https:\/\/rotschlag.li\/stage.rotschlag\/wp-json\/wp\/v2\/types\/page"}],"author":[{"embeddable":true,"href":"https:\/\/rotschlag.li\/stage.rotschlag\/wp-json\/wp\/v2\/users\/1"}],"replies":[{"embeddable":true,"href":"https:\/\/rotschlag.li\/stage.rotschlag\/wp-json\/wp\/v2\/comments?post=890"}],"version-history":[{"count":2,"href":"https:\/\/rotschlag.li\/stage.rotschlag\/wp-json\/wp\/v2\/pages\/890\/revisions"}],"predecessor-version":[{"id":66909,"href":"https:\/\/rotschlag.li\/stage.rotschlag\/wp-json\/wp\/v2\/pages\/890\/revisions\/66909"}],"wp:featuredmedia":[{"embeddable":true,"href":"https:\/\/rotschlag.li\/stage.rotschlag\/wp-json\/wp\/v2\/media\/1034"}],"wp:attachment":[{"href":"https:\/\/rotschlag.li\/stage.rotschlag\/wp-json\/wp\/v2\/media?parent=890"}],"curies":[{"name":"wp","href":"https:\/\/api.w.org\/{rel}","templated":true}]}}